{"id":7100,"date":"2025-12-29T19:17:09","date_gmt":"2025-12-29T19:17:09","guid":{"rendered":"https:\/\/laortiga.mx\/index.php\/producto\/jabon-de-concha-nacar-con-tepezcohuite-y-acido-hialuronico-1-pza\/"},"modified":"2025-12-29T19:17:09","modified_gmt":"2025-12-29T19:17:09","slug":"jabon-de-concha-nacar-con-tepezcohuite-y-acido-hialuronico-1-pza","status":"publish","type":"product","link":"https:\/\/laortiga.mx\/index.php\/producto\/jabon-de-concha-nacar-con-tepezcohuite-y-acido-hialuronico-1-pza\/","title":{"rendered":"JABON DE CONCHA NACAR CON TEPEZCOHUITE Y ACIDO HIALURONICO | 1 PZA."},"content":{"rendered":"<p>M\u00e1xima Regeneraci\u00f3n: El Tepezcohuite es altamente valorado por apoyar la capacidad natural de la piel para repararse, siendo un excelente auxiliar en el cuidado de pieles da\u00f1adas o con marcas.<\/p>\n<p>Atenuaci\u00f3n de Manchas y Cicatrices: La acci\u00f3n combinada de la Concha N\u00e1car y el Tepezcohuite ayuda a minimizar la visibilidad de manchas oscuras, cicatrices y marcas de acn\u00e9 con el uso constante.<\/p>\n<p>Tono de Piel Uniforme: Trabaja para equilibrar la pigmentaci\u00f3n, devolviendo un aspecto m\u00e1s homog\u00e9neo, luminoso y fresco al rostro.<\/p>\n","protected":false},"excerpt":{"rendered":"<p>Esta crema combina la suavidad de la Concha N\u00e1car con el poder regenerativo del Tepezcohuite (conocido como \u00ab\u00e1rbol de la piel\u00bb), creando una f\u00f3rmula tradicional que unifica el tono, suaviza la textura y promueve la reparaci\u00f3n de la piel. Es la combinaci\u00f3n perfecta para un cutis visiblemente renovado y sin imperfecciones.<\/p>\n","protected":false},"featured_media":1751,"comment_status":"open","ping_status":"closed","template":"","meta":[],"product_brand":[53],"product_cat":[124],"product_tag":[],"class_list":{"0":"post-7100","1":"product","2":"type-product","3":"status-publish","4":"has-post-thumbnail","6":"product_brand-centro-botanico-la-ortiga","7":"product_cat-cuidado-personal","8":"pa_presentacion-jabon","10":"first","11":"instock","12":"shipping-taxable","13":"product-type-simple"},"yoast_head":"<!-- This site is optimized with the Yoast SEO plugin v26.8 - https:\/\/yoast.com\/product\/yoast-seo-wordpress\/ -->\n<title>JABON DE CONCHA NACAR CON TEPEZCOHUITE Y ACIDO HIALURONICO | 1 PZA. - La Ortiga<\/title>\n<meta name=\"robots\" content=\"index, follow, max-snippet:-1, max-image-preview:large, max-video-preview:-1\" \/>\n<link rel=\"canonical\" href=\"https:\/\/laortiga.mx\/index.php\/producto\/jabon-de-concha-nacar-con-tepezcohuite-y-acido-hialuronico-1-pza\/\" \/>\n<meta property=\"og:locale\" content=\"es_ES\" \/>\n<meta property=\"og:type\" content=\"article\" \/>\n<meta property=\"og:title\" content=\"JABON DE CONCHA NACAR CON TEPEZCOHUITE Y ACIDO HIALURONICO | 1 PZA. - La Ortiga\" \/>\n<meta property=\"og:description\" content=\"Esta crema combina la suavidad de la Concha N\u00e1car con el poder regenerativo del Tepezcohuite (conocido como &quot;\u00e1rbol de la piel&quot;), creando una f\u00f3rmula tradicional que unifica el tono, suaviza la textura y promueve la reparaci\u00f3n de la piel. Es la combinaci\u00f3n perfecta para un cutis visiblemente renovado y sin imperfecciones.\" \/>\n<meta property=\"og:url\" content=\"https:\/\/laortiga.mx\/index.php\/producto\/jabon-de-concha-nacar-con-tepezcohuite-y-acido-hialuronico-1-pza\/\" \/>\n<meta property=\"og:site_name\" content=\"La Ortiga\" \/>\n<meta property=\"og:image\" content=\"https:\/\/laortiga.mx\/wp-content\/uploads\/2025\/12\/41fbc60c-b0c0-4d81-8bf4-599aa301220c.jpeg\" \/>\n\t<meta property=\"og:image:width\" content=\"1024\" \/>\n\t<meta property=\"og:image:height\" content=\"1365\" \/>\n\t<meta property=\"og:image:type\" content=\"image\/jpeg\" \/>\n<meta name=\"twitter:card\" content=\"summary_large_image\" \/>\n<script type=\"application\/ld+json\" class=\"yoast-schema-graph\">{\"@context\":\"https:\/\/schema.org\",\"@graph\":[{\"@type\":\"WebPage\",\"@id\":\"https:\/\/laortiga.mx\/index.php\/producto\/jabon-de-concha-nacar-con-tepezcohuite-y-acido-hialuronico-1-pza\/\",\"url\":\"https:\/\/laortiga.mx\/index.php\/producto\/jabon-de-concha-nacar-con-tepezcohuite-y-acido-hialuronico-1-pza\/\",\"name\":\"JABON DE CONCHA NACAR CON TEPEZCOHUITE Y ACIDO HIALURONICO | 1 PZA. - La Ortiga\",\"isPartOf\":{\"@id\":\"https:\/\/laortiga.mx\/#website\"},\"primaryImageOfPage\":{\"@id\":\"https:\/\/laortiga.mx\/index.php\/producto\/jabon-de-concha-nacar-con-tepezcohuite-y-acido-hialuronico-1-pza\/#primaryimage\"},\"image\":{\"@id\":\"https:\/\/laortiga.mx\/index.php\/producto\/jabon-de-concha-nacar-con-tepezcohuite-y-acido-hialuronico-1-pza\/#primaryimage\"},\"thumbnailUrl\":\"https:\/\/laortiga.mx\/wp-content\/uploads\/2025\/12\/41fbc60c-b0c0-4d81-8bf4-599aa301220c.jpeg\",\"datePublished\":\"2025-12-29T19:17:09+00:00\",\"breadcrumb\":{\"@id\":\"https:\/\/laortiga.mx\/index.php\/producto\/jabon-de-concha-nacar-con-tepezcohuite-y-acido-hialuronico-1-pza\/#breadcrumb\"},\"inLanguage\":\"es\",\"potentialAction\":[{\"@type\":\"ReadAction\",\"target\":[\"https:\/\/laortiga.mx\/index.php\/producto\/jabon-de-concha-nacar-con-tepezcohuite-y-acido-hialuronico-1-pza\/\"]}]},{\"@type\":\"ImageObject\",\"inLanguage\":\"es\",\"@id\":\"https:\/\/laortiga.mx\/index.php\/producto\/jabon-de-concha-nacar-con-tepezcohuite-y-acido-hialuronico-1-pza\/#primaryimage\",\"url\":\"https:\/\/laortiga.mx\/wp-content\/uploads\/2025\/12\/41fbc60c-b0c0-4d81-8bf4-599aa301220c.jpeg\",\"contentUrl\":\"https:\/\/laortiga.mx\/wp-content\/uploads\/2025\/12\/41fbc60c-b0c0-4d81-8bf4-599aa301220c.jpeg\",\"width\":1024,\"height\":1365},{\"@type\":\"BreadcrumbList\",\"@id\":\"https:\/\/laortiga.mx\/index.php\/producto\/jabon-de-concha-nacar-con-tepezcohuite-y-acido-hialuronico-1-pza\/#breadcrumb\",\"itemListElement\":[{\"@type\":\"ListItem\",\"position\":1,\"name\":\"Portada\",\"item\":\"https:\/\/laortiga.mx\/\"},{\"@type\":\"ListItem\",\"position\":2,\"name\":\"Cat\u00e1logo\",\"item\":\"https:\/\/laortiga.mx\/index.php\/catalogo\/\"},{\"@type\":\"ListItem\",\"position\":3,\"name\":\"JABON DE CONCHA NACAR CON TEPEZCOHUITE Y ACIDO HIALURONICO | 1 PZA.\"}]},{\"@type\":\"WebSite\",\"@id\":\"https:\/\/laortiga.mx\/#website\",\"url\":\"https:\/\/laortiga.mx\/\",\"name\":\"La Ortiga\",\"description\":\"En el Centro Bot\u00e1nico La Ortiga, somos m\u00e1s que una tienda naturista; somos tu aliado en el camino hacia una vida m\u00e1s sana y natural. Creemos que el bienestar debe ser accesible para todos, y por eso acercamos el poder de las plantas directamente a tu comunidad. Somos la tienda naturista cerca de ti que entiende tus necesidades.  \u00bfQu\u00e9 Encontrar\u00e1s en Nuestra Tienda Naturista?  Nos enorgullece ser tu destino confiable para productos naturales de la m\u00e1s alta calidad. Ofrecemos una cuidadosa selecci\u00f3n de:  Suplementos alimenticios y vitam\u00ednicos.  Productos herbales y org\u00e1nicos.  Cosm\u00e9tica y cuidado personal natural.  Nuestro emblem\u00e1tico t\u00e9 de ortiga y otras hierbas medicinales.  En La Ortiga, cada producto es elegido con el mismo respeto con el que la tierra nos brinda sus recursos. No solo vendemos productos naturales, sino que compartimos el conocimiento para que tomes el control de tu salud de forma informada y consciente.\",\"publisher\":{\"@id\":\"https:\/\/laortiga.mx\/#organization\"},\"potentialAction\":[{\"@type\":\"SearchAction\",\"target\":{\"@type\":\"EntryPoint\",\"urlTemplate\":\"https:\/\/laortiga.mx\/?s={search_term_string}\"},\"query-input\":{\"@type\":\"PropertyValueSpecification\",\"valueRequired\":true,\"valueName\":\"search_term_string\"}}],\"inLanguage\":\"es\"},{\"@type\":\"Organization\",\"@id\":\"https:\/\/laortiga.mx\/#organization\",\"name\":\"La Ortiga\",\"url\":\"https:\/\/laortiga.mx\/\",\"logo\":{\"@type\":\"ImageObject\",\"inLanguage\":\"es\",\"@id\":\"https:\/\/laortiga.mx\/#\/schema\/logo\/image\/\",\"url\":\"https:\/\/laortiga.mx\/wp-content\/uploads\/2025\/10\/Logo-de-la-Oritga-Simplificado-Blanco.png\",\"contentUrl\":\"https:\/\/laortiga.mx\/wp-content\/uploads\/2025\/10\/Logo-de-la-Oritga-Simplificado-Blanco.png\",\"width\":1207,\"height\":405,\"caption\":\"La Ortiga\"},\"image\":{\"@id\":\"https:\/\/laortiga.mx\/#\/schema\/logo\/image\/\"}}]}<\/script>\n<!-- \/ Yoast SEO plugin. -->","yoast_head_json":{"title":"JABON DE CONCHA NACAR CON TEPEZCOHUITE Y ACIDO HIALURONICO | 1 PZA. - La Ortiga","robots":{"index":"index","follow":"follow","max-snippet":"max-snippet:-1","max-image-preview":"max-image-preview:large","max-video-preview":"max-video-preview:-1"},"canonical":"https:\/\/laortiga.mx\/index.php\/producto\/jabon-de-concha-nacar-con-tepezcohuite-y-acido-hialuronico-1-pza\/","og_locale":"es_ES","og_type":"article","og_title":"JABON DE CONCHA NACAR CON TEPEZCOHUITE Y ACIDO HIALURONICO | 1 PZA. - La Ortiga","og_description":"Esta crema combina la suavidad de la Concha N\u00e1car con el poder regenerativo del Tepezcohuite (conocido como \"\u00e1rbol de la piel\"), creando una f\u00f3rmula tradicional que unifica el tono, suaviza la textura y promueve la reparaci\u00f3n de la piel. Es la combinaci\u00f3n perfecta para un cutis visiblemente renovado y sin imperfecciones.","og_url":"https:\/\/laortiga.mx\/index.php\/producto\/jabon-de-concha-nacar-con-tepezcohuite-y-acido-hialuronico-1-pza\/","og_site_name":"La Ortiga","og_image":[{"width":1024,"height":1365,"url":"https:\/\/laortiga.mx\/wp-content\/uploads\/2025\/12\/41fbc60c-b0c0-4d81-8bf4-599aa301220c.jpeg","type":"image\/jpeg"}],"twitter_card":"summary_large_image","schema":{"@context":"https:\/\/schema.org","@graph":[{"@type":"WebPage","@id":"https:\/\/laortiga.mx\/index.php\/producto\/jabon-de-concha-nacar-con-tepezcohuite-y-acido-hialuronico-1-pza\/","url":"https:\/\/laortiga.mx\/index.php\/producto\/jabon-de-concha-nacar-con-tepezcohuite-y-acido-hialuronico-1-pza\/","name":"JABON DE CONCHA NACAR CON TEPEZCOHUITE Y ACIDO HIALURONICO | 1 PZA. - La Ortiga","isPartOf":{"@id":"https:\/\/laortiga.mx\/#website"},"primaryImageOfPage":{"@id":"https:\/\/laortiga.mx\/index.php\/producto\/jabon-de-concha-nacar-con-tepezcohuite-y-acido-hialuronico-1-pza\/#primaryimage"},"image":{"@id":"https:\/\/laortiga.mx\/index.php\/producto\/jabon-de-concha-nacar-con-tepezcohuite-y-acido-hialuronico-1-pza\/#primaryimage"},"thumbnailUrl":"https:\/\/laortiga.mx\/wp-content\/uploads\/2025\/12\/41fbc60c-b0c0-4d81-8bf4-599aa301220c.jpeg","datePublished":"2025-12-29T19:17:09+00:00","breadcrumb":{"@id":"https:\/\/laortiga.mx\/index.php\/producto\/jabon-de-concha-nacar-con-tepezcohuite-y-acido-hialuronico-1-pza\/#breadcrumb"},"inLanguage":"es","potentialAction":[{"@type":"ReadAction","target":["https:\/\/laortiga.mx\/index.php\/producto\/jabon-de-concha-nacar-con-tepezcohuite-y-acido-hialuronico-1-pza\/"]}]},{"@type":"ImageObject","inLanguage":"es","@id":"https:\/\/laortiga.mx\/index.php\/producto\/jabon-de-concha-nacar-con-tepezcohuite-y-acido-hialuronico-1-pza\/#primaryimage","url":"https:\/\/laortiga.mx\/wp-content\/uploads\/2025\/12\/41fbc60c-b0c0-4d81-8bf4-599aa301220c.jpeg","contentUrl":"https:\/\/laortiga.mx\/wp-content\/uploads\/2025\/12\/41fbc60c-b0c0-4d81-8bf4-599aa301220c.jpeg","width":1024,"height":1365},{"@type":"BreadcrumbList","@id":"https:\/\/laortiga.mx\/index.php\/producto\/jabon-de-concha-nacar-con-tepezcohuite-y-acido-hialuronico-1-pza\/#breadcrumb","itemListElement":[{"@type":"ListItem","position":1,"name":"Portada","item":"https:\/\/laortiga.mx\/"},{"@type":"ListItem","position":2,"name":"Cat\u00e1logo","item":"https:\/\/laortiga.mx\/index.php\/catalogo\/"},{"@type":"ListItem","position":3,"name":"JABON DE CONCHA NACAR CON TEPEZCOHUITE Y ACIDO HIALURONICO | 1 PZA."}]},{"@type":"WebSite","@id":"https:\/\/laortiga.mx\/#website","url":"https:\/\/laortiga.mx\/","name":"La Ortiga","description":"En el Centro Bot\u00e1nico La Ortiga, somos m\u00e1s que una tienda naturista; somos tu aliado en el camino hacia una vida m\u00e1s sana y natural. Creemos que el bienestar debe ser accesible para todos, y por eso acercamos el poder de las plantas directamente a tu comunidad. Somos la tienda naturista cerca de ti que entiende tus necesidades.  \u00bfQu\u00e9 Encontrar\u00e1s en Nuestra Tienda Naturista?  Nos enorgullece ser tu destino confiable para productos naturales de la m\u00e1s alta calidad. Ofrecemos una cuidadosa selecci\u00f3n de:  Suplementos alimenticios y vitam\u00ednicos.  Productos herbales y org\u00e1nicos.  Cosm\u00e9tica y cuidado personal natural.  Nuestro emblem\u00e1tico t\u00e9 de ortiga y otras hierbas medicinales.  En La Ortiga, cada producto es elegido con el mismo respeto con el que la tierra nos brinda sus recursos. No solo vendemos productos naturales, sino que compartimos el conocimiento para que tomes el control de tu salud de forma informada y consciente.","publisher":{"@id":"https:\/\/laortiga.mx\/#organization"},"potentialAction":[{"@type":"SearchAction","target":{"@type":"EntryPoint","urlTemplate":"https:\/\/laortiga.mx\/?s={search_term_string}"},"query-input":{"@type":"PropertyValueSpecification","valueRequired":true,"valueName":"search_term_string"}}],"inLanguage":"es"},{"@type":"Organization","@id":"https:\/\/laortiga.mx\/#organization","name":"La Ortiga","url":"https:\/\/laortiga.mx\/","logo":{"@type":"ImageObject","inLanguage":"es","@id":"https:\/\/laortiga.mx\/#\/schema\/logo\/image\/","url":"https:\/\/laortiga.mx\/wp-content\/uploads\/2025\/10\/Logo-de-la-Oritga-Simplificado-Blanco.png","contentUrl":"https:\/\/laortiga.mx\/wp-content\/uploads\/2025\/10\/Logo-de-la-Oritga-Simplificado-Blanco.png","width":1207,"height":405,"caption":"La Ortiga"},"image":{"@id":"https:\/\/laortiga.mx\/#\/schema\/logo\/image\/"}}]}},"_links":{"self":[{"href":"https:\/\/laortiga.mx\/index.php\/wp-json\/wp\/v2\/product\/7100","targetHints":{"allow":["GET"]}}],"collection":[{"href":"https:\/\/laortiga.mx\/index.php\/wp-json\/wp\/v2\/product"}],"about":[{"href":"https:\/\/laortiga.mx\/index.php\/wp-json\/wp\/v2\/types\/product"}],"replies":[{"embeddable":true,"href":"https:\/\/laortiga.mx\/index.php\/wp-json\/wp\/v2\/comments?post=7100"}],"version-history":[{"count":0,"href":"https:\/\/laortiga.mx\/index.php\/wp-json\/wp\/v2\/product\/7100\/revisions"}],"wp:featuredmedia":[{"embeddable":true,"href":"https:\/\/laortiga.mx\/index.php\/wp-json\/wp\/v2\/media\/1751"}],"wp:attachment":[{"href":"https:\/\/laortiga.mx\/index.php\/wp-json\/wp\/v2\/media?parent=7100"}],"wp:term":[{"taxonomy":"product_brand","embeddable":true,"href":"https:\/\/laortiga.mx\/index.php\/wp-json\/wp\/v2\/product_brand?post=7100"},{"taxonomy":"product_cat","embeddable":true,"href":"https:\/\/laortiga.mx\/index.php\/wp-json\/wp\/v2\/product_cat?post=7100"},{"taxonomy":"product_tag","embeddable":true,"href":"https:\/\/laortiga.mx\/index.php\/wp-json\/wp\/v2\/product_tag?post=7100"}],"curies":[{"name":"wp","href":"https:\/\/api.w.org\/{rel}","templated":true}]}}